{"id":76169,"date":"2025-12-02T16:35:42","date_gmt":"2025-12-02T15:35:42","guid":{"rendered":"https:\/\/specialspex.com\/product\/clip-e905\/"},"modified":"2026-04-18T12:08:14","modified_gmt":"2026-04-18T10:08:14","slug":"clip-e905","status":"publish","type":"product","link":"https:\/\/www.specialspex.com\/de\/optischer-clip\/evil-eye-clip-e905\/","title":{"rendered":"clip e905"},"content":{"rendered":"<p>Der Evil Eye Clip-in e905 ist die ideale L\u00f6sung f\u00fcr Brillentr\u00e4ger, die beim Sport gerne scharf sehen.<\/p>\n<p>Indem du diesen Clip an deiner Evil Eye Sportbrille anbringst, passend f\u00fcr die Modelle: Trace (Pro), Fusor Pro, Elate und Pathline, kannst du deine normale Sportbrille ganz einfach in eine Korrektionsbrille verwandeln. So kannst du beim Radfahren, Laufen oder Wandern perfekt sehen, ohne auf Komfort oder Leistung verzichten zu m\u00fcssen. <\/p>\n<p>Der 905 ist die kleinere Version des e909, geeignet f\u00fcr h\u00f6here St\u00e4rken und etwas weiter von den Augen entfernt.<\/p>\n<p>Auch f\u00fcr \u00e4ltere Modelle von Adidas geeignet. Frag nach der Kompatibilit\u00e4t.<br \/>\nF\u00fcge hier einfach deine Sehst\u00e4rke zur Bestellung hinzu und schlie\u00dfe sie gleich ab. Du kannst auf Gleitsichtgl\u00e4ser (mit Leseteil) und eine Antibeschlagbeschichtung im Gl\u00e4sersortiment aufr\u00fcsten.  <\/p>\n<p data-start=\"224\" data-end=\"387\">M\u00f6chtest du sowohl die Brille als auch den Clip bestellen? W\u00e4hle zuerst die Brille in der verschreibungspflichtigen Version. Dann f\u00fcge im Konfigurationsprogramm einfach den Clip hinzu.  <\/p>\n<p data-start=\"389\" data-end=\"506\" data-is-last-node=\"\" data-is-only-node=\"\">Du willst nur den Clip und l\u00e4sst die Gl\u00e4ser lieber von deinem Optiker anpassen? Dann bestelle den Clip ohne das Rezept. <\/p>\n","protected":false},"excerpt":{"rendered":"<p>Der Evil Eye Clip-in e905 ist die ideale L\u00f6sung f\u00fcr Brillentr\u00e4ger, die beim Sport gerne scharf sehen.<\/p>\n<p>Indem du diesen Clip an deiner Evil Eye Sportbrille anbringst, passend f\u00fcr die Modelle: Trace (Pro), Fusor Pro, Elate und Pathline, kannst du deine normale Sportbrille ganz einfach in eine Korrektionsbrille verwandeln. So kannst du beim Radfahren, Laufen oder Wandern perfekt sehen, ohne auf Komfort oder Leistung verzichten zu m\u00fcssen. <\/p>\n<p>Der 905 ist die kleinere Version des e909, geeignet f\u00fcr h\u00f6here St\u00e4rken und etwas weiter von den Augen entfernt.<\/p>\n<p>Auch f\u00fcr \u00e4ltere Modelle von Adidas geeignet. Frag nach der Kompatibilit\u00e4t.<br \/>\nF\u00fcge hier einfach deine Sehst\u00e4rke zur Bestellung hinzu und schlie\u00dfe sie gleich ab. Du kannst auf Gleitsichtgl\u00e4ser (mit Leseteil) und eine Antibeschlagbeschichtung im Gl\u00e4sersortiment aufr\u00fcsten.  <\/p>\n<p data-start=\"224\" data-end=\"387\">M\u00f6chtest du sowohl die Brille als auch den Clip bestellen? W\u00e4hle zuerst die Brille in der Korrektionsversion. Dann f\u00fcge im Konfigurationsprogramm einfach den Clip hinzu.  <\/p>\n<p data-start=\"389\" data-end=\"506\" data-is-last-node=\"\" data-is-only-node=\"\">Du willst nur den Clip und l\u00e4sst die Gl\u00e4ser lieber von deinem Optiker anpassen? Dann bestelle den Clip ohne das Rezept. <\/p>\n","protected":false},"featured_media":60511,"template":"","meta":[],"product_brand":[808],"product_cat":[682],"product_tag":[],"class_list":{"0":"post-76169","1":"product","2":"type-product","3":"status-publish","4":"has-post-thumbnail","6":"product_brand-evil-eye","7":"product_cat-optischer-clip","8":"pa_geschikt-voor-frauen","9":"pa_geschikt-voor-manner","11":"first","12":"instock","13":"shipping-taxable","14":"purchasable","15":"product-type-simple"},"_links":{"self":[{"href":"https:\/\/www.specialspex.com\/de\/wp-json\/wp\/v2\/product\/76169","targetHints":{"allow":["GET"]}}],"collection":[{"href":"https:\/\/www.specialspex.com\/de\/wp-json\/wp\/v2\/product"}],"about":[{"href":"https:\/\/www.specialspex.com\/de\/wp-json\/wp\/v2\/types\/product"}],"wp:featuredmedia":[{"embeddable":true,"href":"https:\/\/www.specialspex.com\/de\/wp-json\/wp\/v2\/media\/60511"}],"wp:attachment":[{"href":"https:\/\/www.specialspex.com\/de\/wp-json\/wp\/v2\/media?parent=76169"}],"wp:term":[{"taxonomy":"product_brand","embeddable":true,"href":"https:\/\/www.specialspex.com\/de\/wp-json\/wp\/v2\/product_brand?post=76169"},{"taxonomy":"product_cat","embeddable":true,"href":"https:\/\/www.specialspex.com\/de\/wp-json\/wp\/v2\/product_cat?post=76169"},{"taxonomy":"product_tag","embeddable":true,"href":"https:\/\/www.specialspex.com\/de\/wp-json\/wp\/v2\/product_tag?post=76169"}],"curies":[{"name":"wp","href":"https:\/\/api.w.org\/{rel}","templated":true}]}}