{"id":76172,"date":"2025-12-02T17:28:09","date_gmt":"2025-12-02T16:28:09","guid":{"rendered":"https:\/\/specialspex.com\/product\/split-shot\/"},"modified":"2025-12-02T17:28:09","modified_gmt":"2025-12-02T16:28:09","slug":"split-shot","status":"publish","type":"product","link":"https:\/\/www.specialspex.com\/de\/sportbrille\/wassersport\/segeln\/oakley-split-shot\/","title":{"rendered":"Split Shot"},"content":{"rendered":"<p data-start=\"213\" data-end=\"689\">Die Oakley Split Shot ist eine leistungsstarke Wassersportbrille, die f\u00fcr maximale Stabilit\u00e4t, klare Sicht und Schutz beim Segeln, Bootfahren und anderen Aktivit\u00e4ten auf dem Wasser entwickelt wurde. Das Wrap-Around-Design bietet ein weites Sichtfeld und hervorragenden Schutz vor Sonne, Wind und Spritzwasser. Der O Matter-Rahmen ist leicht und bequem, w\u00e4hrend die integrierten Unobtainium-Nasenpads und -Ohrst\u00f6psel auch bei N\u00e4sse oder Feuchtigkeit einen festen Halt gew\u00e4hrleisten.  <\/p>\n<p data-start=\"691\" data-end=\"1012\">Ein besonderes Merkmal der Split Shot ist das integrierte Schnurbefestigungssystem, das die Brille bei starkem Wind oder schnellen Man\u00f6vern auf dem Wasser sicher h\u00e4lt. Die Split Shot wurde f\u00fcr Wassersportler entwickelt, die sich auf Stabilit\u00e4t, Sicht und Schutz bei allen Meeresbedingungen verlassen wollen. <\/p>\n<p data-start=\"1014\" data-end=\"1570\">- Wrap-around-Design f\u00fcr weite Sicht und optimalen Schutz<br data-start=\"1076\" data-end=\"1079\">- Leichter und strapazierf\u00e4higer O Matter-Rahmen f\u00fcr langanhaltenden Komfort<br data-start=\"1145\" data-end=\"1148\">- Nasenpads und Ohrst\u00f6psel aus Unobtainium f\u00fcr Halt bei Feuchtigkeit und Schwei\u00df<br data-start=\"1217\" data-end=\"1220\">- Integrierte Leinen-\/Seilbefestigung f\u00fcr zus\u00e4tzliche Sicherheit auf dem Wasser<br data-start=\"1294\" data-end=\"1297\">- Entwickelt f\u00fcr Segeln, Bootfahren, SUP und andere Wassersportarten<br data-start=\"1355\" data-end=\"1358\">- Erh\u00e4ltlich mit Prizm Water-Gl\u00e4sern f\u00fcr bessere Kontraste und Details auf dem Wasser<br data-start=\"1447\" data-end=\"1450\">- Erh\u00e4ltlich mit Korrektionsgl\u00e4sern, sowohl mit Specialspex-Gl\u00e4sern als auch mit Original-Oakley-Gl\u00e4sern<br data-start=\"1530\" data-end=\"1533\">- Inklusive sch\u00fctzendem Aufbewahrungsetui<\/p>\n","protected":false},"excerpt":{"rendered":"<p data-start=\"213\" data-end=\"689\">Die Oakley Split Shot ist eine leistungsstarke Wassersportbrille, die f\u00fcr maximale Stabilit\u00e4t, klare Sicht und Schutz beim Segeln, Bootfahren und anderen Aktivit\u00e4ten auf dem Wasser entwickelt wurde. Das Wrap-Around-Design bietet ein weites Sichtfeld und hervorragenden Schutz vor Sonne, Wind und Spritzwasser. Der O Matter-Rahmen ist leicht und bequem, w\u00e4hrend die integrierten Unobtainium-Nasenpads und -Ohrst\u00f6psel auch bei N\u00e4sse oder Feuchtigkeit einen festen Halt gew\u00e4hrleisten.  <\/p>\n<p data-start=\"691\" data-end=\"1012\">Ein besonderes Merkmal der Split Shot ist das integrierte Schnurbefestigungssystem, das die Brille bei starkem Wind oder schnellen Man\u00f6vern auf dem Wasser sicher h\u00e4lt. Die Split Shot wurde f\u00fcr Wassersportler entwickelt, die sich auf Stabilit\u00e4t, Sicht und Schutz bei allen Meeresbedingungen verlassen wollen. <\/p>\n<p data-start=\"1014\" data-end=\"1570\">- Wrap-around-Design f\u00fcr weite Sicht und optimalen Schutz<br data-start=\"1076\" data-end=\"1079\">- Leichter und strapazierf\u00e4higer O Matter-Rahmen f\u00fcr lang anhaltenden Komfort<br data-start=\"1145\" data-end=\"1148\">- Unobtainium-Nasenpads und -Ohrst\u00f6psel f\u00fcr Halt bei Feuchtigkeit und Schwei\u00df<br data-start=\"1217\" data-end=\"1220\">- Integrierte Leinen-\/Seilbefestigung f\u00fcr zus\u00e4tzliche Sicherheit auf dem Wasser<br data-start=\"1294\" data-end=\"1297\">- Entwickelt f\u00fcr Segeln, Bootfahren, SUP und andere Wassersportarten<br data-start=\"1355\" data-end=\"1358\">- Erh\u00e4ltlich mit Prizm Water-Gl\u00e4sern f\u00fcr bessere Kontraste und Details auf dem Wasser<br data-start=\"1447\" data-end=\"1450\">- Erh\u00e4ltlich mit Korrektionsgl\u00e4sern, sowohl mit Specialspex-Gl\u00e4sern als auch mit Original-Oakley-Gl\u00e4sern<br data-start=\"1530\" data-end=\"1533\">- Inklusive sch\u00fctzendem Aufbewahrungsetui<\/p>\n","protected":false},"featured_media":70464,"template":"","meta":[],"product_brand":[806],"product_cat":[584,663,688],"product_tag":[],"class_list":{"0":"post-76172","1":"product","2":"type-product","3":"status-publish","4":"has-post-thumbnail","6":"product_brand-oakley","7":"product_cat-sportbrille","8":"product_cat-segeln","9":"product_cat-wassersport","10":"pa_geschikt-voor-frauen","11":"pa_geschikt-voor-manner","12":"pa_kleur-montuur-schildkroete","13":"pa_kleur-montuur-schwarz-3","14":"pa_kleur-montuur-schwarz","15":"pa_kleur-montuur-schwarz-2","16":"pa_maat-montuur-gross","18":"first","19":"instock","20":"sale","21":"shipping-taxable","22":"purchasable","23":"product-type-variable"},"_links":{"self":[{"href":"https:\/\/www.specialspex.com\/de\/wp-json\/wp\/v2\/product\/76172","targetHints":{"allow":["GET"]}}],"collection":[{"href":"https:\/\/www.specialspex.com\/de\/wp-json\/wp\/v2\/product"}],"about":[{"href":"https:\/\/www.specialspex.com\/de\/wp-json\/wp\/v2\/types\/product"}],"wp:featuredmedia":[{"embeddable":true,"href":"https:\/\/www.specialspex.com\/de\/wp-json\/wp\/v2\/media\/70464"}],"wp:attachment":[{"href":"https:\/\/www.specialspex.com\/de\/wp-json\/wp\/v2\/media?parent=76172"}],"wp:term":[{"taxonomy":"product_brand","embeddable":true,"href":"https:\/\/www.specialspex.com\/de\/wp-json\/wp\/v2\/product_brand?post=76172"},{"taxonomy":"product_cat","embeddable":true,"href":"https:\/\/www.specialspex.com\/de\/wp-json\/wp\/v2\/product_cat?post=76172"},{"taxonomy":"product_tag","embeddable":true,"href":"https:\/\/www.specialspex.com\/de\/wp-json\/wp\/v2\/product_tag?post=76172"}],"curies":[{"name":"wp","href":"https:\/\/api.w.org\/{rel}","templated":true}]}}