{"id":76175,"date":"2025-11-28T16:29:57","date_gmt":"2025-11-28T15:29:57","guid":{"rendered":"https:\/\/specialspex.com\/product\/camino-m-ocean-master\/"},"modified":"2025-11-28T16:29:57","modified_gmt":"2025-11-28T15:29:57","slug":"camino-m-ocean-master","status":"publish","type":"product","link":"https:\/\/www.specialspex.com\/de\/sportbrille\/wassersport\/segeln\/julbo-camino-m-ocean-master\/","title":{"rendered":"Camino M Ocean Master"},"content":{"rendered":"<p data-start=\"212\" data-end=\"617\">Der CAMINO M Ocean Master ist f\u00fcr alle gedacht, die auf dem Wasser unterwegs sind, von der K\u00fcstenfahrt bis zum Ausflug auf das offene Meer. Dieses kompakte, leichte und umh\u00fcllende Modell bietet hervorragenden Schutz vor grellem Blendlicht, w\u00e4hrend die gebogenen Beine und die abnehmbaren Seitenkappen f\u00fcr einen sicheren Sitz bei jedem Man\u00f6ver sorgen. Inklusive gelber Neopren-Schwimmleine, damit deine Brille immer \u00fcber Wasser bleibt.  <\/p>\n<p data-start=\"619\" data-end=\"908\" data-is-last-node=\"\" data-is-only-node=\"\"><br data-start=\"646\" data-end=\"649\">- Leichter, kompakter und umh\u00fcllender Rahmen<br data-start=\"686\" data-end=\"689\">- Abnehmbare Seitenkappen gegen Sonnenreflexionen<br data-start=\"734\" data-end=\"737\">- Inklusive Neopren-Schwimmschnur (gelb)<br data-start=\"775\" data-end=\"778\">- Kann mit gew\u00f6lbten Gl\u00e4sern auf Rezept angefertigt werden<br data-start=\"819\" data-end=\"822\">- Auswahl an T\u00f6nungen oder selbstt\u00f6nenden Gl\u00e4sern<br data-start=\"863\" data-end=\"866\">- Ideal f\u00fcr Segeln, Bootfahren und Wassersport<\/p>\n<p>&nbsp;<\/p>\n","protected":false},"excerpt":{"rendered":"<p data-start=\"212\" data-end=\"617\">Der CAMINO M Ocean Master ist f\u00fcr alle gedacht, die auf dem Wasser unterwegs sind, von der K\u00fcstenfahrt bis zum Ausflug auf das offene Meer. Dieses kompakte, leichte und umh\u00fcllende Modell bietet hervorragenden Schutz vor grellem Blendlicht, w\u00e4hrend die gebogenen Beine und die abnehmbaren Seitenkappen f\u00fcr einen sicheren Sitz bei jedem Man\u00f6ver sorgen. Inklusive gelber Neopren-Schwimmleine, damit deine Brille immer \u00fcber Wasser bleibt.  <\/p>\n<p data-start=\"619\" data-end=\"908\" data-is-last-node=\"\" data-is-only-node=\"\"><br data-start=\"646\" data-end=\"649\">- Leichter, kompakter und umh\u00fcllender Rahmen<br data-start=\"686\" data-end=\"689\">- Abnehmbare Seitenkappen gegen Sonnenreflexionen<br data-start=\"734\" data-end=\"737\">- Inklusive Neopren-Schwimmschnur (gelb)<br data-start=\"775\" data-end=\"778\">- Kann mit gew\u00f6lbten Gl\u00e4sern auf Rezept angefertigt werden<br data-start=\"819\" data-end=\"822\">- Auswahl an T\u00f6nungen oder selbstt\u00f6nenden Gl\u00e4sern<br data-start=\"863\" data-end=\"866\">- Ideal f\u00fcr Segeln, Bootfahren und Wassersport<\/p>\n","protected":false},"featured_media":61327,"template":"","meta":[],"product_brand":[790],"product_cat":[663,688],"product_tag":[],"class_list":{"0":"post-76175","1":"product","2":"type-product","3":"status-publish","4":"has-post-thumbnail","6":"product_brand-julbo","7":"product_cat-segeln","8":"product_cat-wassersport","9":"pa_geschikt-voor-frauen","10":"pa_geschikt-voor-manner","11":"pa_kleur-montuur-schwarz","12":"pa_maat-montuur-klein","13":"pa_maat-montuur-medium","14":"pa_soort-bril-op-sterkte-mit-sehstaerke","15":"pa_soort-bril-op-sterkte-ohne-sehstaerke","17":"first","18":"instock","19":"shipping-taxable","20":"purchasable","21":"product-type-simple"},"_links":{"self":[{"href":"https:\/\/www.specialspex.com\/de\/wp-json\/wp\/v2\/product\/76175","targetHints":{"allow":["GET"]}}],"collection":[{"href":"https:\/\/www.specialspex.com\/de\/wp-json\/wp\/v2\/product"}],"about":[{"href":"https:\/\/www.specialspex.com\/de\/wp-json\/wp\/v2\/types\/product"}],"wp:featuredmedia":[{"embeddable":true,"href":"https:\/\/www.specialspex.com\/de\/wp-json\/wp\/v2\/media\/61327"}],"wp:attachment":[{"href":"https:\/\/www.specialspex.com\/de\/wp-json\/wp\/v2\/media?parent=76175"}],"wp:term":[{"taxonomy":"product_brand","embeddable":true,"href":"https:\/\/www.specialspex.com\/de\/wp-json\/wp\/v2\/product_brand?post=76175"},{"taxonomy":"product_cat","embeddable":true,"href":"https:\/\/www.specialspex.com\/de\/wp-json\/wp\/v2\/product_cat?post=76175"},{"taxonomy":"product_tag","embeddable":true,"href":"https:\/\/www.specialspex.com\/de\/wp-json\/wp\/v2\/product_tag?post=76175"}],"curies":[{"name":"wp","href":"https:\/\/api.w.org\/{rel}","templated":true}]}}