{"id":76179,"date":"2025-11-28T16:30:21","date_gmt":"2025-11-28T15:30:21","guid":{"rendered":"https:\/\/specialspex.com\/product\/flak-2-0-xl\/"},"modified":"2025-11-28T16:30:21","modified_gmt":"2025-11-28T15:30:21","slug":"flak-2-0-xl","status":"publish","type":"product","link":"https:\/\/www.specialspex.com\/de\/sportbrille\/bergsteigerbrille\/oakley-flak-2-0-xl\/","title":{"rendered":"Flak 2.0 XL"},"content":{"rendered":"<p data-start=\"199\" data-end=\"726\">Die Oakley Flak 2.0 XL ist eine vielseitige Sportsonnenbrille, die maximale Leistung mit einer leichten und robusten Konstruktion kombiniert. Der O Matter-Rahmen bietet lang anhaltenden Tragekomfort, w\u00e4hrend die XL-Glasform die Augenpartie zus\u00e4tzlich abdeckt und so besser vor Sonne, Wind und Schmutz sch\u00fctzt. Dank der Unobtainium-Nasenpads und -Ohrst\u00f6psel bleibt die Brille auch bei intensivem Training oder Schwei\u00dfbildung fest an ihrem Platz. Die Flak 2.0 XL wurde f\u00fcr Athleten entwickelt, die unter allen Bedingungen eine scharfe und stabile Sicht ben\u00f6tigen.   <\/p>\n<p data-start=\"728\" data-end=\"1175\">- XL-Glasform f\u00fcr zus\u00e4tzliche Abdeckung und besseren Schutz<br data-start=\"782\" data-end=\"785\">- Leichter und strapazierf\u00e4higer O Matter-Rahmen<br data-start=\"828\" data-end=\"831\">- Unobtainium-Nasenpads und -Ohrst\u00f6psel f\u00fcr optimalen Halt bei Bewegung und Schwitzen<br data-start=\"905\" data-end=\"908\">- Ideal zum Laufen, Radfahren, Golfen und anderen Outdoor-Sportarten<br data-start=\"970\" data-end=\"973\">- Erh\u00e4ltlich mit Prizm-Glas-Technologie f\u00fcr verbesserte Kontrast- und Detailsicht<br data-start=\"1052\" data-end=\"1055\">- Kann sowohl mit Specialspex-Gl\u00e4sern als auch mit Original-Oakley-Gl\u00e4sern bestellt werden<br data-start=\"1135\" data-end=\"1138\">- Inklusive sch\u00fctzendem Aufbewahrungsetui<\/p>\n","protected":false},"excerpt":{"rendered":"<p data-start=\"199\" data-end=\"726\">Die Oakley Flak 2.0 XL ist eine vielseitige Sportsonnenbrille, die maximale Leistung mit einer leichten und robusten Konstruktion kombiniert. Der O Matter-Rahmen bietet lang anhaltenden Tragekomfort, w\u00e4hrend die XL-Glasform die Augenpartie zus\u00e4tzlich abdeckt und so besser vor Sonne, Wind und Schmutz sch\u00fctzt. Dank der Unobtainium-Nasenpads und -Ohrst\u00f6psel bleibt die Brille auch bei intensivem Training oder Schwei\u00dfbildung fest an ihrem Platz. Die Flak 2.0 XL wurde f\u00fcr Athleten entwickelt, die unter allen Bedingungen eine scharfe und stabile Sicht ben\u00f6tigen.   <\/p>\n<p data-start=\"728\" data-end=\"1175\">- XL-Glasform f\u00fcr zus\u00e4tzliche Abdeckung und besseren Schutz<br data-start=\"782\" data-end=\"785\">- Leichter und strapazierf\u00e4higer O Matter-Rahmen<br data-start=\"828\" data-end=\"831\">- Unobtainium-Nasenpads und -Ohrst\u00f6psel f\u00fcr optimalen Halt bei Bewegung und Schwitzen<br data-start=\"905\" data-end=\"908\">- Ideal zum Laufen, Radfahren, Golfen und anderen Outdoor-Sportarten<br data-start=\"970\" data-end=\"973\">- Erh\u00e4ltlich mit Prizm-Glas-Technologie f\u00fcr verbesserte Kontrast- und Detailsicht<br data-start=\"1052\" data-end=\"1055\">- Kann sowohl mit Specialspex-Gl\u00e4sern als auch mit Original-Oakley-Gl\u00e4sern bestellt werden<br data-start=\"1135\" data-end=\"1138\">- Inklusive sch\u00fctzendem Aufbewahrungsetui<\/p>\n","protected":false},"featured_media":68484,"template":"","meta":[],"product_brand":[806],"product_cat":[584,658,660,560,559],"product_tag":[],"class_list":{"0":"post-76179","1":"product","2":"type-product","3":"status-publish","4":"has-post-thumbnail","6":"product_brand-oakley","7":"product_cat-sportbrille","8":"product_cat-bergsteigerbrille","9":"product_cat-golfbrille","10":"product_cat-laufen","11":"product_cat-radfahrerbrille","12":"pa_geschikt-voor-frauen","13":"pa_geschikt-voor-manner","14":"pa_kleur-montuur-braun","15":"pa_kleur-montuur-grau","16":"pa_kleur-montuur-rot","17":"pa_kleur-montuur-schwarz-2","18":"pa_kleur-montuur-schwarz","19":"pa_kleur-montuur-weiss","20":"pa_kleur-montuur-weiss-2","21":"pa_maat-montuur-gross","22":"pa_maat-montuur-medium","23":"pa_soort-bril-op-sterkte-mit-sehstaerke","24":"pa_soort-bril-op-sterkte-ohne-sehstaerke","26":"first","27":"instock","28":"sale","29":"shipping-taxable","30":"purchasable","31":"product-type-variable"},"_links":{"self":[{"href":"https:\/\/www.specialspex.com\/de\/wp-json\/wp\/v2\/product\/76179","targetHints":{"allow":["GET"]}}],"collection":[{"href":"https:\/\/www.specialspex.com\/de\/wp-json\/wp\/v2\/product"}],"about":[{"href":"https:\/\/www.specialspex.com\/de\/wp-json\/wp\/v2\/types\/product"}],"wp:featuredmedia":[{"embeddable":true,"href":"https:\/\/www.specialspex.com\/de\/wp-json\/wp\/v2\/media\/68484"}],"wp:attachment":[{"href":"https:\/\/www.specialspex.com\/de\/wp-json\/wp\/v2\/media?parent=76179"}],"wp:term":[{"taxonomy":"product_brand","embeddable":true,"href":"https:\/\/www.specialspex.com\/de\/wp-json\/wp\/v2\/product_brand?post=76179"},{"taxonomy":"product_cat","embeddable":true,"href":"https:\/\/www.specialspex.com\/de\/wp-json\/wp\/v2\/product_cat?post=76179"},{"taxonomy":"product_tag","embeddable":true,"href":"https:\/\/www.specialspex.com\/de\/wp-json\/wp\/v2\/product_tag?post=76179"}],"curies":[{"name":"wp","href":"https:\/\/api.w.org\/{rel}","templated":true}]}}