{"id":76182,"date":"2025-11-28T15:16:20","date_gmt":"2025-11-28T14:16:20","guid":{"rendered":"https:\/\/specialspex.com\/product\/contend\/"},"modified":"2026-04-18T12:08:25","modified_gmt":"2026-04-18T10:08:25","slug":"contend","status":"publish","type":"product","link":"https:\/\/www.specialspex.com\/de\/sportbrille\/wassersport\/fisch\/wiley-x-contend\/","title":{"rendered":"Contend"},"content":{"rendered":"<p data-start=\"344\" data-end=\"725\">Die Wiley X Contend ist ein schlankes, modernes Modell, das f\u00fcr Motorradfahrer entwickelt wurde, die maximale Klarheit ohne eine geschlossene Schaumstoffdichtung w\u00fcnschen. Die leicht gebogene Wickelform bietet guten Windschutz, w\u00e4hrend der schlanke Rahmen m\u00fchelos unter fast jeden Helm passt. Mit ihrem geringen Gewicht und der bequemen Passform bleibt die Contend auch bei langen Fahrten stabil und komfortabel.  <\/p>\n<p data-start=\"727\" data-end=\"1051\">Selenite Polycarbonat-Gl\u00e4ser sind sto\u00dffest, optisch sauber und verhindern st\u00f6rende Blendungen und Verzerrungen. Perfekt f\u00fcr Fahrten mit offenem Visier, Touren, Stadtfahrten und Kurvenfahrten. Die Contend ist ein echter Allrounder: sportlich genug f\u00fcr den Motorrad- und Outdoor-Einsatz, aber stilvoll genug, um auch im Alltag getragen zu werden.  <\/p>\n<p data-start=\"1053\" data-end=\"1530\">- Leichter, moderner Rahmen, der perfekt zu Motorradhelmen passt<br data-start=\"1115\" data-end=\"1118\">- Sportlicher Wrap f\u00fcr zus\u00e4tzlichen Schutz vor Wind, Licht und Turbulenzen<br data-start=\"1190\" data-end=\"1193\">- Schlagfeste Selenite Polycarbonat-Gl\u00e4ser mit klarer, scharfer Optik<br data-start=\"1261\" data-end=\"1264\">- Bequemer Sitz ohne Druckstellen, <br data-start=\"1332\" data-end=\"1335\"> - Dezentes, modernes Design f\u00fcr Motorradfahren und Alltag<br data-start=\"1401\" data-end=\"1404\">- Auch f\u00fcr Radfahren, Laufen und Outdoor-Aktivit\u00e4ten geeignet<br data-start=\"1466\" data-end=\"1469\">Erh\u00e4ltlich mit Korrektionsgl\u00e4sern<br data-start=\"1551\" data-end=\"1554\">Die Wiley X Contend ist voll verschreibungspflichtig mit gebogenen Sportgl\u00e4sern in der von dir gew\u00e4hlten T\u00f6nung oder get\u00f6nt.<\/p>\n","protected":false},"excerpt":{"rendered":"<p data-start=\"344\" data-end=\"725\">Die Wiley X Contend ist ein schlankes, modernes Modell, das f\u00fcr Motorradfahrer entwickelt wurde, die maximale Klarheit ohne eine geschlossene Schaumstoffdichtung w\u00fcnschen. Die leicht gebogene Wickelform bietet guten Windschutz, w\u00e4hrend der schlanke Rahmen m\u00fchelos unter fast jeden Helm passt. Mit ihrem geringen Gewicht und der bequemen Passform bleibt die Contend auch bei langen Fahrten stabil und komfortabel.  <\/p>\n<p data-start=\"727\" data-end=\"1051\">Selenite Polycarbonat-Gl\u00e4ser sind sto\u00dffest, optisch sauber und verhindern st\u00f6rende Blendungen und Verzerrungen. Perfekt f\u00fcr Fahrten mit offenem Visier, Touren, Stadtfahrten und Kurvenfahrten. Die Contend ist ein echter Allrounder: sportlich genug f\u00fcr Motorrad- und Outdoor-Fahrten, aber auch stylisch genug, um im Alltag getragen zu werden.  <\/p>\n<p data-start=\"1053\" data-end=\"1530\">- Leichter, moderner Rahmen, der perfekt zu Motorradhelmen passt<br data-start=\"1115\" data-end=\"1118\">- Sportlicher Wrap f\u00fcr zus\u00e4tzlichen Schutz vor Wind, Licht und Turbulenzen<br data-start=\"1190\" data-end=\"1193\">- Schlagfeste Selenite Polycarbonat-Gl\u00e4ser mit klarer, scharfer Optik<br data-start=\"1261\" data-end=\"1264\">- Bequemer Sitz ohne Druckstellen, <br data-start=\"1332\" data-end=\"1335\"> - Dezentes, modernes Design f\u00fcr Motorradfahren und Alltag<br data-start=\"1401\" data-end=\"1404\">- Auch f\u00fcr Radfahren, Laufen und Outdoor-Aktivit\u00e4ten geeignet<br data-start=\"1466\" data-end=\"1469\">Erh\u00e4ltlich mit Korrektionsgl\u00e4sern<br data-start=\"1551\" data-end=\"1554\">Die Wiley X Contend ist voll verschreibungspflichtig mit gebogenen Sportgl\u00e4sern in der von dir gew\u00e4hlten T\u00f6nung oder get\u00f6nt.<\/p>\n","protected":false},"featured_media":68324,"template":"","meta":[],"product_brand":[793],"product_cat":[695,660,712,659,711,709,663,584,666,661,688],"product_tag":[],"class_list":{"0":"post-76182","1":"product","2":"type-product","3":"status-publish","4":"has-post-thumbnail","6":"product_brand-wiley-x","7":"product_cat-fisch","8":"product_cat-golfbrille","9":"product_cat-jagen","10":"product_cat-motorradbrille","11":"product_cat-pistolenschiessen","12":"product_cat-schiessbrille","13":"product_cat-segeln","14":"product_cat-sportbrille","15":"product_cat-tourenmotorrad","16":"product_cat-wandern","17":"product_cat-wassersport","18":"pa_geschikt-voor-manner","19":"pa_kleur-montuur-grau","20":"pa_kleur-montuur-schwarz","21":"pa_maat-montuur-gross","22":"pa_maat-montuur-medium","23":"pa_soort-bril-op-sterkte-mit-sehstaerke","24":"pa_soort-bril-op-sterkte-ohne-sehstaerke","26":"first","27":"instock","28":"sale","29":"shipping-taxable","30":"purchasable","31":"product-type-variable"},"_links":{"self":[{"href":"https:\/\/www.specialspex.com\/de\/wp-json\/wp\/v2\/product\/76182","targetHints":{"allow":["GET"]}}],"collection":[{"href":"https:\/\/www.specialspex.com\/de\/wp-json\/wp\/v2\/product"}],"about":[{"href":"https:\/\/www.specialspex.com\/de\/wp-json\/wp\/v2\/types\/product"}],"wp:featuredmedia":[{"embeddable":true,"href":"https:\/\/www.specialspex.com\/de\/wp-json\/wp\/v2\/media\/68324"}],"wp:attachment":[{"href":"https:\/\/www.specialspex.com\/de\/wp-json\/wp\/v2\/media?parent=76182"}],"wp:term":[{"taxonomy":"product_brand","embeddable":true,"href":"https:\/\/www.specialspex.com\/de\/wp-json\/wp\/v2\/product_brand?post=76182"},{"taxonomy":"product_cat","embeddable":true,"href":"https:\/\/www.specialspex.com\/de\/wp-json\/wp\/v2\/product_cat?post=76182"},{"taxonomy":"product_tag","embeddable":true,"href":"https:\/\/www.specialspex.com\/de\/wp-json\/wp\/v2\/product_tag?post=76182"}],"curies":[{"name":"wp","href":"https:\/\/api.w.org\/{rel}","templated":true}]}}